{"id":1825,"date":"2015-03-19T21:19:58","date_gmt":"2015-03-19T21:19:58","guid":{"rendered":"https:\/\/lavinyassa.com\/historia\/"},"modified":"2022-04-08T18:20:53","modified_gmt":"2022-04-08T17:20:53","slug":"historia","status":"publish","type":"page","link":"https:\/\/lavinyassa.com\/es\/historia\/","title":{"rendered":"Historia"},"content":{"rendered":"<section class=\"wpb-content-wrapper\"><p>[vc_row full_width=\u00bbstretch_row_content_no_spaces\u00bb fwp_boxed=\u00bb0&#8243; fwp_offset=\u00bb0&#8243; css=\u00bb.vc_custom_1483647671593{margin-bottom: 50px !important;padding-top: 85px !important;padding-bottom: 60px !important;background-image: url(http:\/\/lavinyassa.com\/wp-content\/uploads\/2015\/03\/historia.jpg?id=1176) !important;background-position: center !important;background-repeat: no-repeat !important;background-size: cover !important;}\u00bb][vc_column]<h1 id=\"title-with-border-9631\" class=\"bordered-title  talign-center dyn-border\" data-scroll-reveal=\"enter top move 10px over 1s after 0.2s\"><span>Historia<\/span><\/h1>[\/vc_column][\/vc_row][vc_row fwp_boxed=\u00bb0&#8243; fwp_offset=\u00bb0&#8243; el_class=\u00bbboxed\u00bb css=\u00bb.vc_custom_1480561938726{margin-bottom: 0px !important;padding-right: 10px !important;padding-bottom: 0px !important;padding-left: 10px !important;}\u00bb][vc_column width=\u00bb2\/3&#8243; offset=\u00bbvc_col-sm-offset-2&#8243; el_class=\u00bbtext-center\u00bb css=\u00bb.vc_custom_1480557358279{margin-bottom: 0px !important;padding-right: 0px !important;padding-left: 0px !important;}\u00bb][vc_column_text]<\/p>\n<p style=\"font-size: 45px; line-height: 55px; margin-bottom: 20px; text-align: left;\"><em><strong>\u00abQue te imponga el Montseny algo de amor y algo de cordura\u00bb<\/strong><\/em><\/p>\n<p style=\"text-align: left;\"><strong>&#8211;\u00a0Guerau de Liost &#8211;<\/strong><\/p>\n<p>[\/vc_column_text][vc_single_image image=\u00bb1774&#8243; img_size=\u00bblarge\u00bb][vc_empty_space height=\u00bb33px\u00bb][vc_column_text css=\u00bb.vc_custom_1641767880083{padding-right: 15px !important;padding-left: 15px !important;}\u00bb]<\/p>\n<p style=\"text-align: left;\">Ya hace m\u00e1s de 25 a\u00f1os, <strong>Al\u00edcia<\/strong> y <strong>Jaume<\/strong> se enamoraron en Girona. Poco despu\u00e9s, inmersos en un tren de vida rutinario, ambos dilapidaban sus d\u00edas trabajando en el mundo de las leyes y de la burocracia hasta que en un momento dado, \u00e1vidos de aventuras y repletos de ilusi\u00f3n, decidieran darle un gran giro a su destino hacia el horizonte de la felicidad y volver a \u00ab<strong>la Vinyassa<\/strong>\u00bb (Arb\u00facies), la mas\u00eda que los vio crecer desde peque\u00f1os, para levantar los cimientos de un nuevo proyecto que m\u00e1s adelante les devolver\u00eda la satisfacci\u00f3n por su trabajo.<\/p>\n<p style=\"text-align: left;\">Dentro de un id\u00edlico y privilegiado entorno como es el <strong>Parc Natural del Montseny<\/strong>, la Vinyassa es desde aquel entonces un espacio donde el amor es el principal protagonista. Un lugar m\u00e1gico donde la naturaleza es capaz de detener el tiempo y llenar de paz a todo el que llega, donde el canto de los p\u00e1jaros, el murmullo de la selva y los rayos de Sol que t\u00edmidamente penetran mediante las copas de los \u00e1rboles ponen luz, color y sinfon\u00eda al romanticismo. Sencillamente, un sitio del que cuesta despedirse.<\/p>\n<p style=\"text-align: left;\">Y es por eso que, gracias a los factores ambientales y a nuestra <strong>gran <em>familia<\/em> de profesionales<\/strong>, aqu\u00ed encontrar\u00e9is todo lo imprescindible para celebrar en condiciones unas bodas org\u00e1nicas, \u00fanicas e irrepetibles.<\/p>\n<p style=\"text-align: left;\">Os esperamos.<\/p>\n<p>[\/vc_column_text][\/vc_column][\/vc_row][vc_row fwp_boxed=\u00bb0&#8243; fwp_offset=\u00bb0&#8243; css=\u00bb.vc_custom_1480562000666{margin-top: 0px !important;padding-top: 0px !important;}\u00bb][vc_column width=\u00bb1\/4&#8243;][\/vc_column][vc_column width=\u00bb1\/2&#8243;]<h2 class=\"text-center\" data-scroll-reveal=\"enter left move 10px over 1s after 0.2s\"><\/h2><img src=\"https:\/\/lavinyassa.com\/wp-content\/themes\/phoenix-v1.5\/assets\/img\/separatorBlack.png\" alt=\"\" data-scroll-reveal=\"enter left move 10px over 1s after 0.3s\" class=\"img_responsive  center-block separator \"><div class=\"fwp-text-block \" data-scroll-reveal=\"enter right move 10px over 1s after\"><\/p>\n<h2 style=\"text-align: center;\">BODAS<\/h2>\n<p><\/div>[vc_empty_space height=\u00bb30px\u00bb]<div class=\"fwp-text-block \" data-scroll-reveal=\"enter right move 10px over 1s after\"><\/p>\n<p style=\"text-align: center;\">Acceded para conocer todos nuestros servicios de bodas y celebraciones.<\/p>\n<p><\/div><div class=\"fwp-btn-wrap talign-center\"><a  href=\"http:\/\/lavinyassa.com\/es\/servicios\/\" class=\" fastwp btn btn-black\" target=\"\" onClick=\"\">Servicios<\/a><\/div>[vc_empty_space height=\u00bb200px\u00bb][\/vc_column][vc_column width=\u00bb1\/4&#8243;][\/vc_column][\/vc_row]<\/p>\n<\/section>","protected":false},"excerpt":{"rendered":"<p>[vc_row full_width=\u00bbstretch_row_content_no_spaces\u00bb fwp_boxed=\u00bb0&#8243; fwp_offset=\u00bb0&#8243; css=\u00bb.vc_custom_1483647671593{margin-bottom: 50px !important;padding-top: 85px !important;padding-bottom: 60px !important;background-image: url(http:\/\/lavinyassa.com\/wp-content\/uploads\/2015\/03\/historia.jpg?id=1176) !important;background-position: center !important;background-repeat: no-repeat !important;background-size: cover !important;}\u00bb][vc_column][\/vc_column][\/vc_row][vc_row fwp_boxed=\u00bb0&#8243; fwp_offset=\u00bb0&#8243; el_class=\u00bbboxed\u00bb css=\u00bb.vc_custom_1480561938726{margin-bottom: 0px !important;padding-right: 10px !important;padding-bottom: 0px !important;padding-left: 10px !important;}\u00bb][vc_column width=\u00bb2\/3&#8243; offset=\u00bbvc_col-sm-offset-2&#8243; el_class=\u00bbtext-center\u00bb css=\u00bb.vc_custom_1480557358279{margin-bottom: 0px !important;padding-right: 0px !important;padding-left: 0px !important;}\u00bb][vc_column_text] \u00abQue te imponga el Montseny algo de amor y algo de cordura\u00bb &#8211;\u00a0Guerau de [&hellip;]<\/p>\n","protected":false},"author":1,"featured_media":0,"parent":0,"menu_order":0,"comment_status":"open","ping_status":"closed","template":"template-page-full.php","meta":{"_joinchat":[]},"yoast_head":"<!-- This site is optimized with the Yoast SEO plugin v21.8.1 - https:\/\/yoast.com\/wordpress\/plugins\/seo\/ -->\n<title>Historia | La Vinyassa, bodas de calidad en el Montseny<\/title>\n<meta name=\"description\" content=\"Condiciones de la Vinyassa. Espacio \u00fanico a pies del Montseny (Arb\u00facies, Girona). Servicios de boda, celebraciones y otros eventos.\" \/>\n<meta name=\"robots\" content=\"index, follow, max-snippet:-1, max-image-preview:large, max-video-preview:-1\" \/>\n<link rel=\"canonical\" href=\"https:\/\/lavinyassa.com\/es\/historia\/\" \/>\n<meta property=\"og:locale\" content=\"es_ES\" \/>\n<meta property=\"og:type\" content=\"article\" \/>\n<meta property=\"og:title\" content=\"Historia | La Vinyassa, bodas de calidad en el Montseny\" \/>\n<meta property=\"og:description\" content=\"Condiciones de la Vinyassa. Espacio \u00fanico a pies del Montseny (Arb\u00facies, Girona). Servicios de boda, celebraciones y otros eventos.\" \/>\n<meta property=\"og:url\" content=\"https:\/\/lavinyassa.com\/es\/historia\/\" \/>\n<meta property=\"og:site_name\" content=\"La Vinyassa\" \/>\n<meta property=\"article:publisher\" content=\"https:\/\/www.facebook.com\/lavinyassa\/\" \/>\n<meta property=\"article:modified_time\" content=\"2022-04-08T17:20:53+00:00\" \/>\n<meta name=\"twitter:card\" content=\"summary_large_image\" \/>\n<meta name=\"twitter:site\" content=\"@lavinyassa\" \/>\n<meta name=\"twitter:label1\" content=\"Tiempo de lectura\" \/>\n\t<meta name=\"twitter:data1\" content=\"2 minutos\" \/>\n<script type=\"application\/ld+json\" class=\"yoast-schema-graph\">{\"@context\":\"https:\/\/schema.org\",\"@graph\":[{\"@type\":\"WebPage\",\"@id\":\"https:\/\/lavinyassa.com\/es\/historia\/\",\"url\":\"https:\/\/lavinyassa.com\/es\/historia\/\",\"name\":\"Historia | La Vinyassa, bodas de calidad en el Montseny\",\"isPartOf\":{\"@id\":\"https:\/\/lavinyassa.com\/#website\"},\"datePublished\":\"2015-03-19T21:19:58+00:00\",\"dateModified\":\"2022-04-08T17:20:53+00:00\",\"description\":\"Condiciones de la Vinyassa. Espacio \u00fanico a pies del Montseny (Arb\u00facies, Girona). Servicios de boda, celebraciones y otros eventos.\",\"breadcrumb\":{\"@id\":\"https:\/\/lavinyassa.com\/es\/historia\/#breadcrumb\"},\"inLanguage\":\"es\",\"potentialAction\":[{\"@type\":\"ReadAction\",\"target\":[\"https:\/\/lavinyassa.com\/es\/historia\/\"]}]},{\"@type\":\"BreadcrumbList\",\"@id\":\"https:\/\/lavinyassa.com\/es\/historia\/#breadcrumb\",\"itemListElement\":[{\"@type\":\"ListItem\",\"position\":1,\"name\":\"Inici\",\"item\":\"https:\/\/lavinyassa.com\/es\/\"},{\"@type\":\"ListItem\",\"position\":2,\"name\":\"Historia\"}]},{\"@type\":\"WebSite\",\"@id\":\"https:\/\/lavinyassa.com\/#website\",\"url\":\"https:\/\/lavinyassa.com\/\",\"name\":\"La Vinyassa\",\"description\":\"Casaments de qualitat al Montseny\",\"potentialAction\":[{\"@type\":\"SearchAction\",\"target\":{\"@type\":\"EntryPoint\",\"urlTemplate\":\"https:\/\/lavinyassa.com\/?s={search_term_string}\"},\"query-input\":\"required name=search_term_string\"}],\"inLanguage\":\"es\"}]}<\/script>\n<!-- \/ Yoast SEO plugin. -->","yoast_head_json":{"title":"Historia | La Vinyassa, bodas de calidad en el Montseny","description":"Condiciones de la Vinyassa. Espacio \u00fanico a pies del Montseny (Arb\u00facies, Girona). Servicios de boda, celebraciones y otros eventos.","robots":{"index":"index","follow":"follow","max-snippet":"max-snippet:-1","max-image-preview":"max-image-preview:large","max-video-preview":"max-video-preview:-1"},"canonical":"https:\/\/lavinyassa.com\/es\/historia\/","og_locale":"es_ES","og_type":"article","og_title":"Historia | La Vinyassa, bodas de calidad en el Montseny","og_description":"Condiciones de la Vinyassa. Espacio \u00fanico a pies del Montseny (Arb\u00facies, Girona). Servicios de boda, celebraciones y otros eventos.","og_url":"https:\/\/lavinyassa.com\/es\/historia\/","og_site_name":"La Vinyassa","article_publisher":"https:\/\/www.facebook.com\/lavinyassa\/","article_modified_time":"2022-04-08T17:20:53+00:00","twitter_card":"summary_large_image","twitter_site":"@lavinyassa","twitter_misc":{"Tiempo de lectura":"2 minutos"},"schema":{"@context":"https:\/\/schema.org","@graph":[{"@type":"WebPage","@id":"https:\/\/lavinyassa.com\/es\/historia\/","url":"https:\/\/lavinyassa.com\/es\/historia\/","name":"Historia | La Vinyassa, bodas de calidad en el Montseny","isPartOf":{"@id":"https:\/\/lavinyassa.com\/#website"},"datePublished":"2015-03-19T21:19:58+00:00","dateModified":"2022-04-08T17:20:53+00:00","description":"Condiciones de la Vinyassa. Espacio \u00fanico a pies del Montseny (Arb\u00facies, Girona). Servicios de boda, celebraciones y otros eventos.","breadcrumb":{"@id":"https:\/\/lavinyassa.com\/es\/historia\/#breadcrumb"},"inLanguage":"es","potentialAction":[{"@type":"ReadAction","target":["https:\/\/lavinyassa.com\/es\/historia\/"]}]},{"@type":"BreadcrumbList","@id":"https:\/\/lavinyassa.com\/es\/historia\/#breadcrumb","itemListElement":[{"@type":"ListItem","position":1,"name":"Inici","item":"https:\/\/lavinyassa.com\/es\/"},{"@type":"ListItem","position":2,"name":"Historia"}]},{"@type":"WebSite","@id":"https:\/\/lavinyassa.com\/#website","url":"https:\/\/lavinyassa.com\/","name":"La Vinyassa","description":"Casaments de qualitat al Montseny","potentialAction":[{"@type":"SearchAction","target":{"@type":"EntryPoint","urlTemplate":"https:\/\/lavinyassa.com\/?s={search_term_string}"},"query-input":"required name=search_term_string"}],"inLanguage":"es"}]}},"_links":{"self":[{"href":"https:\/\/lavinyassa.com\/es\/wp-json\/wp\/v2\/pages\/1825"}],"collection":[{"href":"https:\/\/lavinyassa.com\/es\/wp-json\/wp\/v2\/pages"}],"about":[{"href":"https:\/\/lavinyassa.com\/es\/wp-json\/wp\/v2\/types\/page"}],"author":[{"embeddable":true,"href":"https:\/\/lavinyassa.com\/es\/wp-json\/wp\/v2\/users\/1"}],"replies":[{"embeddable":true,"href":"https:\/\/lavinyassa.com\/es\/wp-json\/wp\/v2\/comments?post=1825"}],"version-history":[{"count":9,"href":"https:\/\/lavinyassa.com\/es\/wp-json\/wp\/v2\/pages\/1825\/revisions"}],"predecessor-version":[{"id":1961,"href":"https:\/\/lavinyassa.com\/es\/wp-json\/wp\/v2\/pages\/1825\/revisions\/1961"}],"wp:attachment":[{"href":"https:\/\/lavinyassa.com\/es\/wp-json\/wp\/v2\/media?parent=1825"}],"curies":[{"name":"wp","href":"https:\/\/api.w.org\/{rel}","templated":true}]}}