{"id":1871,"date":"2015-03-18T20:28:28","date_gmt":"2015-03-18T20:28:28","guid":{"rendered":"https:\/\/lavinyassa.com\/inici\/"},"modified":"2022-04-08T21:19:18","modified_gmt":"2022-04-08T20:19:18","slug":"inici","status":"publish","type":"page","link":"https:\/\/lavinyassa.com\/es\/","title":{"rendered":"Home"},"content":{"rendered":"","protected":false},"excerpt":{"rendered":"","protected":false},"author":1,"featured_media":0,"parent":0,"menu_order":0,"comment_status":"open","ping_status":"closed","template":"template-one-page.php","meta":{"_joinchat":[]},"yoast_head":"<!-- This site is optimized with the Yoast SEO plugin v21.8.1 - https:\/\/yoast.com\/wordpress\/plugins\/seo\/ -->\n<title>La Vinyassa | Bodas de calidad en el Montseny (Arb\u00facies, Girona)<\/title>\n<meta name=\"description\" content=\"Ven a conocer la Vinyassa, espacio \u00fanico a pies del Montseny (Arb\u00facies, Girona). Servicios de boda, celebraciones y otros eventos.\" \/>\n<meta name=\"robots\" content=\"index, follow, max-snippet:-1, max-image-preview:large, max-video-preview:-1\" \/>\n<link rel=\"canonical\" href=\"https:\/\/lavinyassa.com\/es\/\" \/>\n<meta property=\"og:locale\" content=\"es_ES\" \/>\n<meta property=\"og:type\" content=\"article\" \/>\n<meta property=\"og:title\" content=\"La Vinyassa | Bodas de calidad en el Montseny (Arb\u00facies, Girona)\" \/>\n<meta property=\"og:description\" content=\"Ven a conocer la Vinyassa, espacio \u00fanico a pies del Montseny (Arb\u00facies, Girona). Servicios de boda, celebraciones y otros eventos.\" \/>\n<meta property=\"og:url\" content=\"https:\/\/lavinyassa.com\/es\/\" \/>\n<meta property=\"og:site_name\" content=\"La Vinyassa\" \/>\n<meta property=\"article:publisher\" content=\"https:\/\/www.facebook.com\/lavinyassa\/\" \/>\n<meta property=\"article:modified_time\" content=\"2022-04-08T20:19:18+00:00\" \/>\n<meta name=\"twitter:card\" content=\"summary_large_image\" \/>\n<meta name=\"twitter:site\" content=\"@lavinyassa\" \/>\n<script type=\"application\/ld+json\" class=\"yoast-schema-graph\">{\"@context\":\"https:\/\/schema.org\",\"@graph\":[{\"@type\":\"WebPage\",\"@id\":\"https:\/\/lavinyassa.com\/es\/\",\"url\":\"https:\/\/lavinyassa.com\/es\/\",\"name\":\"La Vinyassa | Bodas de calidad en el Montseny (Arb\u00facies, Girona)\",\"isPartOf\":{\"@id\":\"https:\/\/lavinyassa.com\/#website\"},\"datePublished\":\"2015-03-18T20:28:28+00:00\",\"dateModified\":\"2022-04-08T20:19:18+00:00\",\"description\":\"Ven a conocer la Vinyassa, espacio \u00fanico a pies del Montseny (Arb\u00facies, Girona). Servicios de boda, celebraciones y otros eventos.\",\"breadcrumb\":{\"@id\":\"https:\/\/lavinyassa.com\/es\/#breadcrumb\"},\"inLanguage\":\"es\",\"potentialAction\":[{\"@type\":\"ReadAction\",\"target\":[\"https:\/\/lavinyassa.com\/es\/\"]}]},{\"@type\":\"BreadcrumbList\",\"@id\":\"https:\/\/lavinyassa.com\/es\/#breadcrumb\",\"itemListElement\":[{\"@type\":\"ListItem\",\"position\":1,\"name\":\"Inici\",\"item\":\"https:\/\/lavinyassa.com\/es\/\"},{\"@type\":\"ListItem\",\"position\":2,\"name\":\"Home\"}]},{\"@type\":\"WebSite\",\"@id\":\"https:\/\/lavinyassa.com\/#website\",\"url\":\"https:\/\/lavinyassa.com\/\",\"name\":\"La Vinyassa\",\"description\":\"Casaments de qualitat al Montseny\",\"potentialAction\":[{\"@type\":\"SearchAction\",\"target\":{\"@type\":\"EntryPoint\",\"urlTemplate\":\"https:\/\/lavinyassa.com\/?s={search_term_string}\"},\"query-input\":\"required name=search_term_string\"}],\"inLanguage\":\"es\"}]}<\/script>\n<!-- \/ Yoast SEO plugin. -->","yoast_head_json":{"title":"La Vinyassa | Bodas de calidad en el Montseny (Arb\u00facies, Girona)","description":"Ven a conocer la Vinyassa, espacio \u00fanico a pies del Montseny (Arb\u00facies, Girona). Servicios de boda, celebraciones y otros eventos.","robots":{"index":"index","follow":"follow","max-snippet":"max-snippet:-1","max-image-preview":"max-image-preview:large","max-video-preview":"max-video-preview:-1"},"canonical":"https:\/\/lavinyassa.com\/es\/","og_locale":"es_ES","og_type":"article","og_title":"La Vinyassa | Bodas de calidad en el Montseny (Arb\u00facies, Girona)","og_description":"Ven a conocer la Vinyassa, espacio \u00fanico a pies del Montseny (Arb\u00facies, Girona). Servicios de boda, celebraciones y otros eventos.","og_url":"https:\/\/lavinyassa.com\/es\/","og_site_name":"La Vinyassa","article_publisher":"https:\/\/www.facebook.com\/lavinyassa\/","article_modified_time":"2022-04-08T20:19:18+00:00","twitter_card":"summary_large_image","twitter_site":"@lavinyassa","schema":{"@context":"https:\/\/schema.org","@graph":[{"@type":"WebPage","@id":"https:\/\/lavinyassa.com\/es\/","url":"https:\/\/lavinyassa.com\/es\/","name":"La Vinyassa | Bodas de calidad en el Montseny (Arb\u00facies, Girona)","isPartOf":{"@id":"https:\/\/lavinyassa.com\/#website"},"datePublished":"2015-03-18T20:28:28+00:00","dateModified":"2022-04-08T20:19:18+00:00","description":"Ven a conocer la Vinyassa, espacio \u00fanico a pies del Montseny (Arb\u00facies, Girona). Servicios de boda, celebraciones y otros eventos.","breadcrumb":{"@id":"https:\/\/lavinyassa.com\/es\/#breadcrumb"},"inLanguage":"es","potentialAction":[{"@type":"ReadAction","target":["https:\/\/lavinyassa.com\/es\/"]}]},{"@type":"BreadcrumbList","@id":"https:\/\/lavinyassa.com\/es\/#breadcrumb","itemListElement":[{"@type":"ListItem","position":1,"name":"Inici","item":"https:\/\/lavinyassa.com\/es\/"},{"@type":"ListItem","position":2,"name":"Home"}]},{"@type":"WebSite","@id":"https:\/\/lavinyassa.com\/#website","url":"https:\/\/lavinyassa.com\/","name":"La Vinyassa","description":"Casaments de qualitat al Montseny","potentialAction":[{"@type":"SearchAction","target":{"@type":"EntryPoint","urlTemplate":"https:\/\/lavinyassa.com\/?s={search_term_string}"},"query-input":"required name=search_term_string"}],"inLanguage":"es"}]}},"_links":{"self":[{"href":"https:\/\/lavinyassa.com\/es\/wp-json\/wp\/v2\/pages\/1871"}],"collection":[{"href":"https:\/\/lavinyassa.com\/es\/wp-json\/wp\/v2\/pages"}],"about":[{"href":"https:\/\/lavinyassa.com\/es\/wp-json\/wp\/v2\/types\/page"}],"author":[{"embeddable":true,"href":"https:\/\/lavinyassa.com\/es\/wp-json\/wp\/v2\/users\/1"}],"replies":[{"embeddable":true,"href":"https:\/\/lavinyassa.com\/es\/wp-json\/wp\/v2\/comments?post=1871"}],"version-history":[{"count":1,"href":"https:\/\/lavinyassa.com\/es\/wp-json\/wp\/v2\/pages\/1871\/revisions"}],"predecessor-version":[{"id":1872,"href":"https:\/\/lavinyassa.com\/es\/wp-json\/wp\/v2\/pages\/1871\/revisions\/1872"}],"wp:attachment":[{"href":"https:\/\/lavinyassa.com\/es\/wp-json\/wp\/v2\/media?parent=1871"}],"curies":[{"name":"wp","href":"https:\/\/api.w.org\/{rel}","templated":true}]}}