{"id":1905,"date":"2015-02-12T15:23:56","date_gmt":"2015-02-12T15:23:56","guid":{"rendered":"https:\/\/lavinyassa.com\/contacte\/"},"modified":"2023-12-21T11:39:59","modified_gmt":"2023-12-21T10:39:59","slug":"contacto","status":"publish","type":"page","link":"https:\/\/lavinyassa.com\/es\/contacto\/","title":{"rendered":"Contacto"},"content":{"rendered":"<section class=\"wpb-content-wrapper\"><p>[vc_row full_width=\u00bbstretch_row_content_no_spaces\u00bb fwp_boxed=\u00bb0&#8243; fwp_offset=\u00bb0&#8243; css=\u00bb.vc_custom_1483828791779{margin-bottom: 50px !important;padding-top: 85px !important;padding-bottom: 60px !important;background-image: url(http:\/\/lavinyassa.com\/wp-content\/uploads\/2015\/02\/contacte.jpg?id=1228) !important;background-position: center !important;background-repeat: no-repeat !important;background-size: cover !important;}\u00bb][vc_column]<h1 id=\"title-with-border-1159\" class=\"bordered-title  talign-center dyn-border\" data-scroll-reveal=\"enter top move 10px over 1s after 0.2s\"><span>CONTACTO<\/span><\/h1>[\/vc_column][\/vc_row][vc_row][vc_column][vc_empty_space][\/vc_column][\/vc_row][vc_row fwp_boxed=\u00bb0&#8243; fwp_offset=\u00bb0&#8243; el_class=\u00bbboxed offset\u00bb ionut_test=\u00bbparallax\u00bb css=\u00bb.vc_custom_1650985407313{padding-top: 0px !important;padding-right: 15px !important;padding-bottom: 200px !important;padding-left: 15px !important;}\u00bb][vc_column width=\u00bb1\/2&#8243;][vc_column_text]<strong style=\"font-size: 22px;\">C\u00f3mo solicitar fecha para la visita<\/strong><\/p>\n<p>Para solicitar d\u00eda y hora para la visita, pod\u00e9is llamarnos por tel\u00e9fono, whatsapp o poneos en contacto con nosotros a trav\u00e9s del correo electr\u00f3nico.[\/vc_column_text][vc_row_inner][vc_column_inner width=\u00bb1\/2&#8243;][vc_column_text]<strong>Direcci\u00f3n:<\/strong><br \/>\nLa Vinyassa, s\/n<br \/>\n17401 Arb\u00facies (Girona, Spain)[\/vc_column_text][\/vc_column_inner][vc_column_inner width=\u00bb1\/2&#8243;][vc_column_text]<strong>Horarios concertados:<br \/>\n<\/strong>No atendemos visitas sin cita previa.[\/vc_column_text][\/vc_column_inner][\/vc_row_inner][vc_row_inner][vc_column_inner width=\u00bb1\/2&#8243;][vc_column_text]<strong>Tel\u00e9fono:<\/strong><br \/>\n(+34) <a href=\"tel:616990078\">616990078<\/a><br \/>\n<strong>Whatsapp:<\/strong><br \/>\n<a href=\"https:\/\/wa.me\/34616990078\">616990078<\/a><br \/>\n[\/vc_column_text][\/vc_column_inner][vc_column_inner width=\u00bb1\/2&#8243;][vc_column_text]<strong>E-mail:<\/strong><br \/>\n<a href=\"mailto:decolor@lavinyassa.cat\" target=\"_blank\" rel=\"noopener noreferrer\">decolor@lavinyassa.cat<\/a>[\/vc_column_text][\/vc_column_inner][\/vc_row_inner]<a class=\" social-fa-icon fa fa-instagram\" href=\"https:\/\/www.instagram.com\/lavinyassa\/\" target=\"_blank\"><\/a><a class=\" social-fa-icon fa fa-facebook\" href=\"https:\/\/www.facebook.com\/lavinyassa\/\" target=\"_blank\"><\/a><a class=\" social-fa-icon fa fa-twitter\" href=\"https:\/\/twitter.com\/lavinyassa\" target=\"_blank\"><\/a>[\/vc_column][vc_column width=\u00bb1\/2&#8243;]\n<div class=\"wpcf7 no-js\" id=\"wpcf7-f2115-o1\" lang=\"ca\" dir=\"ltr\">\n<div class=\"screen-reader-response\"><p role=\"status\" aria-live=\"polite\" aria-atomic=\"true\"><\/p> <ul><\/ul><\/div>\n<form action=\"\/es\/wp-json\/wp\/v2\/pages\/1905#wpcf7-f2115-o1\" method=\"post\" class=\"wpcf7-form init\" aria-label=\"Formulari de contacte\" novalidate=\"novalidate\" data-status=\"init\">\n<div style=\"display: none;\">\n<input type=\"hidden\" name=\"_wpcf7\" value=\"2115\" \/>\n<input type=\"hidden\" name=\"_wpcf7_version\" value=\"5.8.7\" \/>\n<input type=\"hidden\" name=\"_wpcf7_locale\" value=\"ca\" \/>\n<input type=\"hidden\" name=\"_wpcf7_unit_tag\" value=\"wpcf7-f2115-o1\" \/>\n<input type=\"hidden\" name=\"_wpcf7_container_post\" value=\"0\" \/>\n<input type=\"hidden\" name=\"_wpcf7_posted_data_hash\" value=\"\" \/>\n<\/div>\n<p><label><span class=\"wpcf7-form-control-wrap\" data-name=\"your-name\"><input size=\"40\" class=\"wpcf7-form-control wpcf7-text wpcf7-validates-as-required\" aria-required=\"true\" aria-invalid=\"false\" placeholder=\"Nombre\" value=\"\" type=\"text\" name=\"your-name\" \/><\/span><\/label>\n<\/p>\n<p><label><span class=\"wpcf7-form-control-wrap\" data-name=\"your-email\"><input size=\"40\" class=\"wpcf7-form-control wpcf7-email wpcf7-validates-as-required wpcf7-text wpcf7-validates-as-email\" aria-required=\"true\" aria-invalid=\"false\" placeholder=\"E-mail\" value=\"\" type=\"email\" name=\"your-email\" \/><\/span> <\/label>\n<\/p>\n<p><label><span class=\"wpcf7-form-control-wrap\" data-name=\"tel-telefon\"><input size=\"40\" class=\"wpcf7-form-control wpcf7-tel wpcf7-validates-as-required wpcf7-text wpcf7-validates-as-tel\" aria-required=\"true\" aria-invalid=\"false\" placeholder=\"Tel\u00e9fono\" value=\"\" type=\"tel\" name=\"tel-telefon\" \/><\/span><\/label>\n<\/p>\n<p><label><span class=\"wpcf7-form-control-wrap\" data-name=\"your-message\"><textarea cols=\"40\" rows=\"10\" class=\"wpcf7-form-control wpcf7-textarea wpcf7-validates-as-required\" aria-required=\"true\" aria-invalid=\"false\" placeholder=\"Comentarios\" name=\"your-message\"><\/textarea><\/span><\/label>\n<\/p>\n<p class=\"legaltext\">La Vinyassa como Responsable del Tratamiento tratar\u00e1 tus datos con la finalidad de dar respuesta tu consulta o petici\u00f3n. La base de legitimaci\u00f3n es tu consentimiento manifestado en la casilla de aceptaci\u00f3n de nuestra pol\u00edtica de privacidad. No est\u00e1 prevista la comunicaci\u00f3n de los datos, salvo cumplimiento de obligaciones legales. Puedes acceder, rectificar y suprimir tus datos, as\u00ed como ejercer otros derechos consultando la informaci\u00f3n adiciona y detallada sobre protecci\u00f3n de datos en nuestra <a href=\"http:\/\/lavinyassa.com\/es\/politica-de-privacidad\">Pol\u00edtica de Privacidad<\/a>.\n<\/p>\n<p><span class=\"wpcf7-form-control-wrap\" data-name=\"acceptance-legal\"><span class=\"wpcf7-form-control wpcf7-acceptance\"><span class=\"wpcf7-list-item\"><input type=\"checkbox\" name=\"acceptance-legal\" value=\"1\" aria-invalid=\"false\" \/><\/span><\/span><\/span> Acepto el <a href=\"http:\/\/lavinyassa.com\/es\/aviso-legal\">Aviso legal<\/a> y la <a href=\"http:\/\/lavinyassa.com\/es\/politica-de-privacidad\">Pol\u00edtica de privacidad<\/a>.\n<\/p>\n<p><span class=\"wpcf7-form-control-wrap\" data-name=\"acceptance-ads\"><span class=\"wpcf7-form-control wpcf7-acceptance optional\"><span class=\"wpcf7-list-item\"><input type=\"checkbox\" name=\"acceptance-ads\" value=\"1\" aria-invalid=\"false\" \/><\/span><\/span><\/span> Deseo recibir comunicaciones comerciales y ofertas promocionales.\n<\/p>\n<p><input class=\"wpcf7-form-control wpcf7-submit has-spinner\" type=\"submit\" value=\"Enviar\" \/>\n<\/p><div class=\"wpcf7-response-output\" aria-hidden=\"true\"><\/div>\n<\/form>\n<\/div>\n[\/vc_column][\/vc_row][vc_row fwp_boxed=\u00bb0&#8243; fwp_offset=\u00bb0&#8243; css=\u00bb.vc_custom_1651922680689{margin-top: 0px !important;margin-right: 0px !important;margin-bottom: 0px !important;margin-left: 0px !important;padding-top: 0px !important;padding-right: 0px !important;padding-bottom: 0px !important;padding-left: 0px !important;}\u00bb][vc_column css=\u00bb.vc_custom_1651922663400{margin: 0px !important;padding: 0px !important;border: 0px initial !important;}\u00bb][vc_gmaps link=\u00bb#E-8_JTNDaWZyYW1lJTIwd2lkdGglM0QlMjIxMDAlMjUlMjIlMjBoZWlnaHQlM0QlMjI1MDAlMjIlMjBmcmFtZWJvcmRlciUzRCUyMjAlMjIlMjBzY3JvbGxpbmclM0QlMjJubyUyMiUyMG1hcmdpbmhlaWdodCUzRCUyMjAlMjIlMjBtYXJnaW53aWR0aCUzRCUyMjAlMjIlMjBzcmMlM0QlMjJodHRwcyUzQSUyRiUyRm1hcHMuZ29vZ2xlLmNvbSUyRm1hcHMlM0Z3aWR0aCUzRDEwMCUyNTI1JTI2YW1wJTNCaGVpZ2h0JTNENjAwJTI2YW1wJTNCaGwlM0RlcyUyNmFtcCUzQnElM0RsYSUyNTIwdmlueWFzc2ElMkIlMjhNaSUyNTIwbm9tYnJlJTI1MjBkZSUyNTIwZWdvY2lvcyUyOSUyNmFtcCUzQnQlM0QlMjZhbXAlM0J6JTNEMTQlMjZhbXAlM0JpZSUzRFVURjglMjZhbXAlM0Jpd2xvYyUzREIlMjZhbXAlM0JvdXRwdXQlM0RlbWJlZCUyMiUzRSUzQyUyRmlmcmFtZSUzRQ==\u00bb css=\u00bb.vc_custom_1651922719626{margin-top: 0px !important;margin-right: 0px !important;margin-bottom: 0px !important;margin-left: 0px !important;padding-top: 0px !important;padding-right: 0px !important;padding-bottom: 0px !important;padding-left: 0px !important;}\u00bb][\/vc_column][\/vc_row]<\/p>\n<\/section>","protected":false},"excerpt":{"rendered":"<p>[vc_row full_width=\u00bbstretch_row_content_no_spaces\u00bb fwp_boxed=\u00bb0&#8243; fwp_offset=\u00bb0&#8243; css=\u00bb.vc_custom_1483828791779{margin-bottom: 50px !important;padding-top: 85px !important;padding-bottom: 60px !important;background-image: url(http:\/\/lavinyassa.com\/wp-content\/uploads\/2015\/02\/contacte.jpg?id=1228) !important;background-position: center !important;background-repeat: no-repeat !important;background-size: cover !important;}\u00bb][vc_column][\/vc_column][\/vc_row][vc_row][vc_column][vc_empty_space][\/vc_column][\/vc_row][vc_row fwp_boxed=\u00bb0&#8243; fwp_offset=\u00bb0&#8243; el_class=\u00bbboxed offset\u00bb ionut_test=\u00bbparallax\u00bb css=\u00bb.vc_custom_1650985407313{padding-top: 0px !important;padding-right: 15px !important;padding-bottom: 200px !important;padding-left: 15px !important;}\u00bb][vc_column width=\u00bb1\/2&#8243;][vc_column_text]C\u00f3mo solicitar fecha para la visita Para solicitar d\u00eda y hora para la visita, pod\u00e9is llamarnos por tel\u00e9fono, whatsapp o poneos en [&hellip;]<\/p>\n","protected":false},"author":1,"featured_media":0,"parent":0,"menu_order":0,"comment_status":"open","ping_status":"closed","template":"template-page-full.php","meta":{"_joinchat":[]},"yoast_head":"<!-- This site is optimized with the Yoast SEO plugin v21.8.1 - https:\/\/yoast.com\/wordpress\/plugins\/seo\/ -->\n<title>Contacto | La Vinyassa, bodas de calidad en el Montseny<\/title>\n<meta name=\"description\" content=\"Formas de contacto con la Vinyassa. Espacio \u00fanico a pies del Montseny (Arb\u00facies, Girona). Servicios de boda, celebraciones y otros eventos.\" \/>\n<meta name=\"robots\" content=\"index, follow, max-snippet:-1, max-image-preview:large, max-video-preview:-1\" \/>\n<link rel=\"canonical\" href=\"https:\/\/lavinyassa.com\/es\/contacto\/\" \/>\n<meta property=\"og:locale\" content=\"es_ES\" \/>\n<meta property=\"og:type\" content=\"article\" \/>\n<meta property=\"og:title\" content=\"Contacto | La Vinyassa, bodas de calidad en el Montseny\" \/>\n<meta property=\"og:description\" content=\"Formas de contacto con la Vinyassa. Espacio \u00fanico a pies del Montseny (Arb\u00facies, Girona). Servicios de boda, celebraciones y otros eventos.\" \/>\n<meta property=\"og:url\" content=\"https:\/\/lavinyassa.com\/es\/contacto\/\" \/>\n<meta property=\"og:site_name\" content=\"La Vinyassa\" \/>\n<meta property=\"article:publisher\" content=\"https:\/\/www.facebook.com\/lavinyassa\/\" \/>\n<meta property=\"article:modified_time\" content=\"2023-12-21T10:39:59+00:00\" \/>\n<meta name=\"twitter:card\" content=\"summary_large_image\" \/>\n<meta name=\"twitter:site\" content=\"@lavinyassa\" \/>\n<meta name=\"twitter:label1\" content=\"Tiempo de lectura\" \/>\n\t<meta name=\"twitter:data1\" content=\"1 minuto\" \/>\n<script type=\"application\/ld+json\" class=\"yoast-schema-graph\">{\"@context\":\"https:\/\/schema.org\",\"@graph\":[{\"@type\":\"WebPage\",\"@id\":\"https:\/\/lavinyassa.com\/es\/contacto\/\",\"url\":\"https:\/\/lavinyassa.com\/es\/contacto\/\",\"name\":\"Contacto | La Vinyassa, bodas de calidad en el Montseny\",\"isPartOf\":{\"@id\":\"https:\/\/lavinyassa.com\/#website\"},\"datePublished\":\"2015-02-12T15:23:56+00:00\",\"dateModified\":\"2023-12-21T10:39:59+00:00\",\"description\":\"Formas de contacto con la Vinyassa. Espacio \u00fanico a pies del Montseny (Arb\u00facies, Girona). Servicios de boda, celebraciones y otros eventos.\",\"breadcrumb\":{\"@id\":\"https:\/\/lavinyassa.com\/es\/contacto\/#breadcrumb\"},\"inLanguage\":\"es\",\"potentialAction\":[{\"@type\":\"ReadAction\",\"target\":[\"https:\/\/lavinyassa.com\/es\/contacto\/\"]}]},{\"@type\":\"BreadcrumbList\",\"@id\":\"https:\/\/lavinyassa.com\/es\/contacto\/#breadcrumb\",\"itemListElement\":[{\"@type\":\"ListItem\",\"position\":1,\"name\":\"Inici\",\"item\":\"https:\/\/lavinyassa.com\/es\/\"},{\"@type\":\"ListItem\",\"position\":2,\"name\":\"Contacto\"}]},{\"@type\":\"WebSite\",\"@id\":\"https:\/\/lavinyassa.com\/#website\",\"url\":\"https:\/\/lavinyassa.com\/\",\"name\":\"La Vinyassa\",\"description\":\"Casaments de qualitat al Montseny\",\"potentialAction\":[{\"@type\":\"SearchAction\",\"target\":{\"@type\":\"EntryPoint\",\"urlTemplate\":\"https:\/\/lavinyassa.com\/?s={search_term_string}\"},\"query-input\":\"required name=search_term_string\"}],\"inLanguage\":\"es\"}]}<\/script>\n<!-- \/ Yoast SEO plugin. -->","yoast_head_json":{"title":"Contacto | La Vinyassa, bodas de calidad en el Montseny","description":"Formas de contacto con la Vinyassa. Espacio \u00fanico a pies del Montseny (Arb\u00facies, Girona). Servicios de boda, celebraciones y otros eventos.","robots":{"index":"index","follow":"follow","max-snippet":"max-snippet:-1","max-image-preview":"max-image-preview:large","max-video-preview":"max-video-preview:-1"},"canonical":"https:\/\/lavinyassa.com\/es\/contacto\/","og_locale":"es_ES","og_type":"article","og_title":"Contacto | La Vinyassa, bodas de calidad en el Montseny","og_description":"Formas de contacto con la Vinyassa. Espacio \u00fanico a pies del Montseny (Arb\u00facies, Girona). Servicios de boda, celebraciones y otros eventos.","og_url":"https:\/\/lavinyassa.com\/es\/contacto\/","og_site_name":"La Vinyassa","article_publisher":"https:\/\/www.facebook.com\/lavinyassa\/","article_modified_time":"2023-12-21T10:39:59+00:00","twitter_card":"summary_large_image","twitter_site":"@lavinyassa","twitter_misc":{"Tiempo de lectura":"1 minuto"},"schema":{"@context":"https:\/\/schema.org","@graph":[{"@type":"WebPage","@id":"https:\/\/lavinyassa.com\/es\/contacto\/","url":"https:\/\/lavinyassa.com\/es\/contacto\/","name":"Contacto | La Vinyassa, bodas de calidad en el Montseny","isPartOf":{"@id":"https:\/\/lavinyassa.com\/#website"},"datePublished":"2015-02-12T15:23:56+00:00","dateModified":"2023-12-21T10:39:59+00:00","description":"Formas de contacto con la Vinyassa. Espacio \u00fanico a pies del Montseny (Arb\u00facies, Girona). Servicios de boda, celebraciones y otros eventos.","breadcrumb":{"@id":"https:\/\/lavinyassa.com\/es\/contacto\/#breadcrumb"},"inLanguage":"es","potentialAction":[{"@type":"ReadAction","target":["https:\/\/lavinyassa.com\/es\/contacto\/"]}]},{"@type":"BreadcrumbList","@id":"https:\/\/lavinyassa.com\/es\/contacto\/#breadcrumb","itemListElement":[{"@type":"ListItem","position":1,"name":"Inici","item":"https:\/\/lavinyassa.com\/es\/"},{"@type":"ListItem","position":2,"name":"Contacto"}]},{"@type":"WebSite","@id":"https:\/\/lavinyassa.com\/#website","url":"https:\/\/lavinyassa.com\/","name":"La Vinyassa","description":"Casaments de qualitat al Montseny","potentialAction":[{"@type":"SearchAction","target":{"@type":"EntryPoint","urlTemplate":"https:\/\/lavinyassa.com\/?s={search_term_string}"},"query-input":"required name=search_term_string"}],"inLanguage":"es"}]}},"_links":{"self":[{"href":"https:\/\/lavinyassa.com\/es\/wp-json\/wp\/v2\/pages\/1905"}],"collection":[{"href":"https:\/\/lavinyassa.com\/es\/wp-json\/wp\/v2\/pages"}],"about":[{"href":"https:\/\/lavinyassa.com\/es\/wp-json\/wp\/v2\/types\/page"}],"author":[{"embeddable":true,"href":"https:\/\/lavinyassa.com\/es\/wp-json\/wp\/v2\/users\/1"}],"replies":[{"embeddable":true,"href":"https:\/\/lavinyassa.com\/es\/wp-json\/wp\/v2\/comments?post=1905"}],"version-history":[{"count":10,"href":"https:\/\/lavinyassa.com\/es\/wp-json\/wp\/v2\/pages\/1905\/revisions"}],"predecessor-version":[{"id":2305,"href":"https:\/\/lavinyassa.com\/es\/wp-json\/wp\/v2\/pages\/1905\/revisions\/2305"}],"wp:attachment":[{"href":"https:\/\/lavinyassa.com\/es\/wp-json\/wp\/v2\/media?parent=1905"}],"curies":[{"name":"wp","href":"https:\/\/api.w.org\/{rel}","templated":true}]}}