{"id":1909,"date":"2017-03-06T21:51:33","date_gmt":"2017-03-06T19:51:33","guid":{"rendered":"https:\/\/lavinyassa.com\/galeria\/"},"modified":"2023-02-06T23:28:54","modified_gmt":"2023-02-06T22:28:54","slug":"galeria-2","status":"publish","type":"page","link":"https:\/\/lavinyassa.com\/es\/galeria-2\/","title":{"rendered":"Galer\u00eda"},"content":{"rendered":"<section class=\"wpb-content-wrapper\"><p>[vc_row full_width=\u00bbstretch_row_content_no_spaces\u00bb fwp_boxed=\u00bb0&#8243; fwp_offset=\u00bb0&#8243; css=\u00bb.vc_custom_1490640233597{margin-bottom: 50px !important;padding-top: 85px !important;padding-bottom: 60px !important;background-image: url(http:\/\/lavinyassa.com\/wp-content\/uploads\/2017\/03\/galeria-header-1.jpg?id=1355) !important;background-position: center !important;background-repeat: no-repeat !important;background-size: cover !important;}\u00bb][vc_column]<h1 id=\"title-with-border-5311\" class=\"bordered-title  talign-center dyn-border\" data-scroll-reveal=\"enter top move 10px over 1s after 0.2s\"><span>Galer\u00eda<\/span><\/h1>[\/vc_column][\/vc_row][vc_row fwp_boxed=\u00bb0&#8243; fwp_offset=\u00bb0&#8243; el_class=\u00bbboxed\u00bb css=\u00bb.vc_custom_1480561938726{margin-bottom: 0px !important;padding-right: 10px !important;padding-bottom: 0px !important;padding-left: 10px !important;}\u00bb][vc_column width=\u00bb2\/3&#8243; offset=\u00bbvc_col-sm-offset-2&#8243; el_class=\u00bbtext-center\u00bb css=\u00bb.vc_custom_1480557358279{margin-bottom: 0px !important;padding-right: 0px !important;padding-left: 0px !important;}\u00bb][vc_empty_space height=\u00bb33px\u00bb][vc_column_text css=\u00bb.vc_custom_1642099270800{padding-right: 15px !important;padding-left: 15px !important;}\u00bb]Para concer todos los espacios de la Vinyassa, os invitamos a ver detenidamente nuestra galer\u00eda de im\u00e1genes. Ah, y ambi\u00e9n pod\u00e9is seguirnos por <strong><a href=\"http:\/\/instagram.com\/lavinyassa\" target=\"_blank\" rel=\"noopener noreferrer\">instagram<\/a><\/strong>. \u00a1Os esperamos![\/vc_column_text][vc_gallery type=\u00bbimage_grid\u00bb images=\u00bb2189,2200,2191,2193,2187,1811,1810,1809,1808,1807,1805,1806,1770,1778,1804,1776,1775,1777,1783,1779,1781,1782,1784,1785,1786,1787,1788,1789,1763,1794,1780,1790,1791,1793,1792&#8243;][\/vc_column][\/vc_row][vc_row fwp_boxed=\u00bb0&#8243; fwp_offset=\u00bb0&#8243; css=\u00bb.vc_custom_1480562000666{margin-top: 0px !important;padding-top: 0px !important;}\u00bb][vc_column width=\u00bb1\/4&#8243;][\/vc_column][vc_column width=\u00bb1\/2&#8243;]<h2 class=\"text-center\" data-scroll-reveal=\"enter left move 10px over 1s after 0.2s\"><\/h2><img src=\"https:\/\/lavinyassa.com\/wp-content\/themes\/phoenix-v1.5\/assets\/img\/separatorBlack.png\" alt=\"\" data-scroll-reveal=\"enter left move 10px over 1s after 0.3s\" class=\"img_responsive  center-block separator \"><div class=\"fwp-text-block \" data-scroll-reveal=\"enter right move 10px over 1s after\"><\/p>\n<h2 style=\"text-align: center;\">BODAS<\/h2>\n<p><\/div>[vc_empty_space height=\u00bb30px\u00bb]<div class=\"fwp-text-block \" data-scroll-reveal=\"enter right move 10px over 1s after\"><\/p>\n<p style=\"text-align: center;\">Acceded para conocer todos nuestros servicios de bodas y celebraciones.<\/p>\n<p><\/div><div class=\"fwp-btn-wrap talign-center\"><a  href=\"http:\/\/lavinyassa.com\/es\/servicios\/\" class=\" fastwp btn btn-black\" target=\"\" onClick=\"\">Servicios<\/a><\/div>[vc_empty_space height=\u00bb200px\u00bb][\/vc_column][vc_column width=\u00bb1\/4&#8243;][\/vc_column][\/vc_row]<\/p>\n<\/section>","protected":false},"excerpt":{"rendered":"<p>[vc_row full_width=\u00bbstretch_row_content_no_spaces\u00bb fwp_boxed=\u00bb0&#8243; fwp_offset=\u00bb0&#8243; css=\u00bb.vc_custom_1490640233597{margin-bottom: 50px !important;padding-top: 85px !important;padding-bottom: 60px !important;background-image: url(http:\/\/lavinyassa.com\/wp-content\/uploads\/2017\/03\/galeria-header-1.jpg?id=1355) !important;background-position: center !important;background-repeat: no-repeat !important;background-size: cover !important;}\u00bb][vc_column][\/vc_column][\/vc_row][vc_row fwp_boxed=\u00bb0&#8243; fwp_offset=\u00bb0&#8243; el_class=\u00bbboxed\u00bb css=\u00bb.vc_custom_1480561938726{margin-bottom: 0px !important;padding-right: 10px !important;padding-bottom: 0px !important;padding-left: 10px !important;}\u00bb][vc_column width=\u00bb2\/3&#8243; offset=\u00bbvc_col-sm-offset-2&#8243; el_class=\u00bbtext-center\u00bb css=\u00bb.vc_custom_1480557358279{margin-bottom: 0px !important;padding-right: 0px !important;padding-left: 0px !important;}\u00bb][vc_empty_space height=\u00bb33px\u00bb][vc_column_text css=\u00bb.vc_custom_1642099270800{padding-right: 15px !important;padding-left: 15px !important;}\u00bb]Para concer todos los espacios de la Vinyassa, os [&hellip;]<\/p>\n","protected":false},"author":1,"featured_media":0,"parent":0,"menu_order":0,"comment_status":"open","ping_status":"closed","template":"template-page-full.php","meta":{"_joinchat":[]},"yoast_head":"<!-- This site is optimized with the Yoast SEO plugin v21.8.1 - https:\/\/yoast.com\/wordpress\/plugins\/seo\/ -->\n<title>Galer\u00eda | La Vinyassa, bodas de calidad en el Montseny<\/title>\n<meta name=\"description\" content=\"Galer\u00eda de im\u00e1genes de la Vinyassa. Espacio \u00fanico a pies del Montseny (Arb\u00facies, Girona). Servicios de boda, celebraciones y otros eventos.\" \/>\n<meta name=\"robots\" content=\"index, follow, max-snippet:-1, max-image-preview:large, max-video-preview:-1\" \/>\n<link rel=\"canonical\" href=\"https:\/\/lavinyassa.com\/es\/galeria-2\/\" \/>\n<meta property=\"og:locale\" content=\"es_ES\" \/>\n<meta property=\"og:type\" content=\"article\" \/>\n<meta property=\"og:title\" content=\"Galer\u00eda | La Vinyassa, bodas de calidad en el Montseny\" \/>\n<meta property=\"og:description\" content=\"Galer\u00eda de im\u00e1genes de la Vinyassa. Espacio \u00fanico a pies del Montseny (Arb\u00facies, Girona). Servicios de boda, celebraciones y otros eventos.\" \/>\n<meta property=\"og:url\" content=\"https:\/\/lavinyassa.com\/es\/galeria-2\/\" \/>\n<meta property=\"og:site_name\" content=\"La Vinyassa\" \/>\n<meta property=\"article:publisher\" content=\"https:\/\/www.facebook.com\/lavinyassa\/\" \/>\n<meta property=\"article:modified_time\" content=\"2023-02-06T22:28:54+00:00\" \/>\n<meta name=\"twitter:card\" content=\"summary_large_image\" \/>\n<meta name=\"twitter:site\" content=\"@lavinyassa\" \/>\n<meta name=\"twitter:label1\" content=\"Tiempo de lectura\" \/>\n\t<meta name=\"twitter:data1\" content=\"1 minuto\" \/>\n<script type=\"application\/ld+json\" class=\"yoast-schema-graph\">{\"@context\":\"https:\/\/schema.org\",\"@graph\":[{\"@type\":\"WebPage\",\"@id\":\"https:\/\/lavinyassa.com\/es\/galeria-2\/\",\"url\":\"https:\/\/lavinyassa.com\/es\/galeria-2\/\",\"name\":\"Galer\u00eda | La Vinyassa, bodas de calidad en el Montseny\",\"isPartOf\":{\"@id\":\"https:\/\/lavinyassa.com\/#website\"},\"datePublished\":\"2017-03-06T19:51:33+00:00\",\"dateModified\":\"2023-02-06T22:28:54+00:00\",\"description\":\"Galer\u00eda de im\u00e1genes de la Vinyassa. Espacio \u00fanico a pies del Montseny (Arb\u00facies, Girona). Servicios de boda, celebraciones y otros eventos.\",\"breadcrumb\":{\"@id\":\"https:\/\/lavinyassa.com\/es\/galeria-2\/#breadcrumb\"},\"inLanguage\":\"es\",\"potentialAction\":[{\"@type\":\"ReadAction\",\"target\":[\"https:\/\/lavinyassa.com\/es\/galeria-2\/\"]}]},{\"@type\":\"BreadcrumbList\",\"@id\":\"https:\/\/lavinyassa.com\/es\/galeria-2\/#breadcrumb\",\"itemListElement\":[{\"@type\":\"ListItem\",\"position\":1,\"name\":\"Inici\",\"item\":\"https:\/\/lavinyassa.com\/es\/\"},{\"@type\":\"ListItem\",\"position\":2,\"name\":\"Galer\u00eda\"}]},{\"@type\":\"WebSite\",\"@id\":\"https:\/\/lavinyassa.com\/#website\",\"url\":\"https:\/\/lavinyassa.com\/\",\"name\":\"La Vinyassa\",\"description\":\"Casaments de qualitat al Montseny\",\"potentialAction\":[{\"@type\":\"SearchAction\",\"target\":{\"@type\":\"EntryPoint\",\"urlTemplate\":\"https:\/\/lavinyassa.com\/?s={search_term_string}\"},\"query-input\":\"required name=search_term_string\"}],\"inLanguage\":\"es\"}]}<\/script>\n<!-- \/ Yoast SEO plugin. -->","yoast_head_json":{"title":"Galer\u00eda | La Vinyassa, bodas de calidad en el Montseny","description":"Galer\u00eda de im\u00e1genes de la Vinyassa. Espacio \u00fanico a pies del Montseny (Arb\u00facies, Girona). Servicios de boda, celebraciones y otros eventos.","robots":{"index":"index","follow":"follow","max-snippet":"max-snippet:-1","max-image-preview":"max-image-preview:large","max-video-preview":"max-video-preview:-1"},"canonical":"https:\/\/lavinyassa.com\/es\/galeria-2\/","og_locale":"es_ES","og_type":"article","og_title":"Galer\u00eda | La Vinyassa, bodas de calidad en el Montseny","og_description":"Galer\u00eda de im\u00e1genes de la Vinyassa. Espacio \u00fanico a pies del Montseny (Arb\u00facies, Girona). Servicios de boda, celebraciones y otros eventos.","og_url":"https:\/\/lavinyassa.com\/es\/galeria-2\/","og_site_name":"La Vinyassa","article_publisher":"https:\/\/www.facebook.com\/lavinyassa\/","article_modified_time":"2023-02-06T22:28:54+00:00","twitter_card":"summary_large_image","twitter_site":"@lavinyassa","twitter_misc":{"Tiempo de lectura":"1 minuto"},"schema":{"@context":"https:\/\/schema.org","@graph":[{"@type":"WebPage","@id":"https:\/\/lavinyassa.com\/es\/galeria-2\/","url":"https:\/\/lavinyassa.com\/es\/galeria-2\/","name":"Galer\u00eda | La Vinyassa, bodas de calidad en el Montseny","isPartOf":{"@id":"https:\/\/lavinyassa.com\/#website"},"datePublished":"2017-03-06T19:51:33+00:00","dateModified":"2023-02-06T22:28:54+00:00","description":"Galer\u00eda de im\u00e1genes de la Vinyassa. Espacio \u00fanico a pies del Montseny (Arb\u00facies, Girona). Servicios de boda, celebraciones y otros eventos.","breadcrumb":{"@id":"https:\/\/lavinyassa.com\/es\/galeria-2\/#breadcrumb"},"inLanguage":"es","potentialAction":[{"@type":"ReadAction","target":["https:\/\/lavinyassa.com\/es\/galeria-2\/"]}]},{"@type":"BreadcrumbList","@id":"https:\/\/lavinyassa.com\/es\/galeria-2\/#breadcrumb","itemListElement":[{"@type":"ListItem","position":1,"name":"Inici","item":"https:\/\/lavinyassa.com\/es\/"},{"@type":"ListItem","position":2,"name":"Galer\u00eda"}]},{"@type":"WebSite","@id":"https:\/\/lavinyassa.com\/#website","url":"https:\/\/lavinyassa.com\/","name":"La Vinyassa","description":"Casaments de qualitat al Montseny","potentialAction":[{"@type":"SearchAction","target":{"@type":"EntryPoint","urlTemplate":"https:\/\/lavinyassa.com\/?s={search_term_string}"},"query-input":"required name=search_term_string"}],"inLanguage":"es"}]}},"_links":{"self":[{"href":"https:\/\/lavinyassa.com\/es\/wp-json\/wp\/v2\/pages\/1909"}],"collection":[{"href":"https:\/\/lavinyassa.com\/es\/wp-json\/wp\/v2\/pages"}],"about":[{"href":"https:\/\/lavinyassa.com\/es\/wp-json\/wp\/v2\/types\/page"}],"author":[{"embeddable":true,"href":"https:\/\/lavinyassa.com\/es\/wp-json\/wp\/v2\/users\/1"}],"replies":[{"embeddable":true,"href":"https:\/\/lavinyassa.com\/es\/wp-json\/wp\/v2\/comments?post=1909"}],"version-history":[{"count":9,"href":"https:\/\/lavinyassa.com\/es\/wp-json\/wp\/v2\/pages\/1909\/revisions"}],"predecessor-version":[{"id":1912,"href":"https:\/\/lavinyassa.com\/es\/wp-json\/wp\/v2\/pages\/1909\/revisions\/1912"}],"wp:attachment":[{"href":"https:\/\/lavinyassa.com\/es\/wp-json\/wp\/v2\/media?parent=1909"}],"curies":[{"name":"wp","href":"https:\/\/api.w.org\/{rel}","templated":true}]}}